{"id":729,"date":"2024-06-17T14:10:05","date_gmt":"2024-06-17T14:10:05","guid":{"rendered":"https:\/\/lysara.crush-test.co.uk\/datenschutzrichtlinie\/"},"modified":"2024-07-19T10:24:26","modified_gmt":"2024-07-19T10:24:26","slug":"datenschutzrichtlinie","status":"publish","type":"page","link":"https:\/\/lysara.crush-test.co.uk\/de\/datenschutzrichtlinie\/","title":{"rendered":"Datenschutzrichtlinie"},"content":{"rendered":"\n<h2 class=\"wp-block-heading\">Kommentare<\/h2>\n\n<p><strong>Vorgeschlagener Text:\u00a0<\/strong>Wenn Besucher Kommentare auf der Website hinterlassen, erfassen wir die im Kommentarformular angezeigten Daten sowie die IP-Adresse des Besuchers und den User-Agent-String des Browsers, um die Spam-Erkennung zu unterst\u00fctzen.<\/p>\n\n<p>Eine aus Ihrer E-Mail-Adresse erstellte anonymisierte Zeichenfolge (auch Hash genannt) kann dem Gravatar-Dienst zur Verf\u00fcgung gestellt werden, um festzustellen, ob Sie ihn verwenden. Die Datenschutzrichtlinie des Gravatar-Dienstes finden Sie hier: https:\/\/automattic.com\/privacy\/. Nach Freigabe Ihres Kommentars ist Ihr Profilbild im Kontext Ihres Kommentars \u00f6ffentlich sichtbar.<\/p>\n\n<h2 class=\"wp-block-heading\">Medien<\/h2>\n\n<p><strong>Suggested text:\u00a0<\/strong>If you upload images to the website, you should avoid uploading images with embedded location data (EXIF GPS) included. Visitors to the website can download and extract any location data from images on the website.<\/p>\n\n<h2 class=\"wp-block-heading\">Kekse<\/h2>\n\n<p><strong>Vorgeschlagener Text:\u00a0<\/strong>Wenn Sie einen Kommentar auf unserer Website hinterlassen, k\u00f6nnen Sie der Speicherung Ihres Namens, Ihrer E-Mail-Adresse und Ihrer Website in Cookies zustimmen. Diese dienen Ihrer Bequemlichkeit, damit Sie Ihre Daten nicht erneut eingeben m\u00fcssen, wenn Sie einen weiteren Kommentar hinterlassen. Diese Cookies sind ein Jahr lang haltbar.<\/p>\n\n<p>Wenn Sie unsere Anmeldeseite besuchen, setzen wir ein tempor\u00e4res Cookie, um festzustellen, ob Ihr Browser Cookies akzeptiert. Dieses Cookie enth\u00e4lt keine personenbezogenen Daten und wird verworfen, wenn Sie Ihren Browser schlie\u00dfen.<\/p>\n\n<p>Wenn Sie sich anmelden, richten wir au\u00dferdem mehrere Cookies ein, um Ihre Anmeldeinformationen und Ihre Bildschirmanzeigeoptionen zu speichern. Anmelde-Cookies sind zwei Tage lang g\u00fcltig und Cookies f\u00fcr Bildschirmoptionen sind ein Jahr lang g\u00fcltig. Wenn Sie \u201eAngemeldet bleiben\u201c ausw\u00e4hlen, bleibt Ihr Login zwei Wochen lang bestehen. Wenn Sie sich von Ihrem Konto abmelden, werden die Anmeldecookies entfernt.<\/p>\n\n<p>Wenn Sie einen Artikel bearbeiten oder ver\u00f6ffentlichen, wird ein zus\u00e4tzlicher Cookie in Ihrem Browser gespeichert. Dieses Cookie enth\u00e4lt keine personenbezogenen Daten und gibt lediglich die Beitrags-ID des Artikels an, den Sie gerade bearbeitet haben. Es l\u00e4uft nach 1 Tag ab.<\/p>\n\n<h2 class=\"wp-block-heading\">Eingebettete Inhalte von anderen Websites<\/h2>\n\n<p><strong>Vorgeschlagener Text:\u00a0<\/strong>Artikel auf dieser Website k\u00f6nnen eingebettete Inhalte enthalten (z. B. Videos, Bilder, Artikel usw.). Eingebettete Inhalte von anderen Websites verhalten sich genauso, als ob der Besucher die andere Website besucht h\u00e4tte.<\/p>\n\n<p>Diese Websites k\u00f6nnen Daten \u00fcber Sie sammeln, Cookies verwenden, zus\u00e4tzliches Tracking von Drittanbietern einbetten und Ihre Interaktion mit diesem eingebetteten Inhalt \u00fcberwachen, einschlie\u00dflich der Verfolgung Ihrer Interaktion mit dem eingebetteten Inhalt, wenn Sie \u00fcber ein Konto verf\u00fcgen und auf dieser Website angemeldet sind.<\/p>\n\n<h2 class=\"wp-block-heading\">Mit wem wir Ihre Daten teilen<\/h2>\n\n<p><strong>Vorgeschlagener Text:\u00a0<\/strong>Wenn Sie eine Passwortzur\u00fccksetzung anfordern, wird Ihre IP-Adresse in die Zur\u00fccksetzungs-E-Mail aufgenommen.<\/p>\n","protected":false},"excerpt":{"rendered":"<p>Kommentare Vorgeschlagener Text:\u00a0Wenn Besucher Kommentare auf der Website hinterlassen, erfassen wir die im Kommentarformular angezeigten Daten sowie die IP-Adresse des Besuchers und den User-Agent-String des Browsers, um die Spam-Erkennung zu unterst\u00fctzen. Eine aus Ihrer E-Mail-Adresse erstellte anonymisierte Zeichenfolge (auch Hash genannt) kann dem Gravatar-Dienst zur Verf\u00fcgung gestellt werden, um festzustellen, ob Sie ihn verwenden. Die &hellip; <a href=\"https:\/\/lysara.crush-test.co.uk\/de\/datenschutzrichtlinie\/\" class=\"more-link\">Continue reading<span class=\"screen-reader-text\"> &#8222;Datenschutzrichtlinie&#8220;<\/span><\/a><\/p>\n","protected":false},"author":1,"featured_media":0,"parent":0,"menu_order":0,"comment_status":"closed","ping_status":"closed","template":"privacy.php","meta":{"_acf_changed":false,"footnotes":""},"class_list":["post-729","page","type-page","status-publish","hentry"],"acf":[],"yoast_head":"<!-- This site is optimized with the Yoast SEO plugin v23.0 - https:\/\/yoast.com\/wordpress\/plugins\/seo\/ -->\n<title>Datenschutzrichtlinie | Lysara<\/title>\n<meta name=\"robots\" content=\"noindex, follow, max-snippet:-1, max-image-preview:large, max-video-preview:-1\" \/>\n<meta property=\"og:locale\" content=\"de_DE\" \/>\n<meta property=\"og:type\" content=\"article\" \/>\n<meta property=\"og:title\" content=\"Datenschutzrichtlinie | Lysara\" \/>\n<meta property=\"og:description\" content=\"Kommentare Vorgeschlagener Text:\u00a0Wenn Besucher Kommentare auf der Website hinterlassen, erfassen wir die im Kommentarformular angezeigten Daten sowie die IP-Adresse des Besuchers und den User-Agent-String des Browsers, um die Spam-Erkennung zu unterst\u00fctzen. Eine aus Ihrer E-Mail-Adresse erstellte anonymisierte Zeichenfolge (auch Hash genannt) kann dem Gravatar-Dienst zur Verf\u00fcgung gestellt werden, um festzustellen, ob Sie ihn verwenden. Die &hellip; Continue reading &quot;Datenschutzrichtlinie&quot;\" \/>\n<meta property=\"og:url\" content=\"https:\/\/lysara.crush-test.co.uk\/de\/datenschutzrichtlinie\/\" \/>\n<meta property=\"og:site_name\" content=\"Lysara\" \/>\n<meta property=\"article:modified_time\" content=\"2024-07-19T10:24:26+00:00\" \/>\n<meta name=\"twitter:card\" content=\"summary_large_image\" \/>\n<meta name=\"twitter:label1\" content=\"Gesch\u00e4tzte Lesezeit\" \/>\n\t<meta name=\"twitter:data1\" content=\"2\u00a0Minuten\" \/>\n<script type=\"application\/ld+json\" class=\"yoast-schema-graph\">{\"@context\":\"https:\/\/schema.org\",\"@graph\":[{\"@type\":\"WebPage\",\"@id\":\"https:\/\/lysara.crush-test.co.uk\/de\/datenschutzrichtlinie\/\",\"url\":\"https:\/\/lysara.crush-test.co.uk\/de\/datenschutzrichtlinie\/\",\"name\":\"Datenschutzrichtlinie | Lysara\",\"isPartOf\":{\"@id\":\"https:\/\/lysara.crush-test.co.uk\/de\/#website\"},\"datePublished\":\"2024-06-17T14:10:05+00:00\",\"dateModified\":\"2024-07-19T10:24:26+00:00\",\"breadcrumb\":{\"@id\":\"https:\/\/lysara.crush-test.co.uk\/de\/datenschutzrichtlinie\/#breadcrumb\"},\"inLanguage\":\"de\",\"potentialAction\":[{\"@type\":\"ReadAction\",\"target\":[\"https:\/\/lysara.crush-test.co.uk\/de\/datenschutzrichtlinie\/\"]}]},{\"@type\":\"BreadcrumbList\",\"@id\":\"https:\/\/lysara.crush-test.co.uk\/de\/datenschutzrichtlinie\/#breadcrumb\",\"itemListElement\":[{\"@type\":\"ListItem\",\"position\":1,\"name\":\"Home\",\"item\":\"https:\/\/lysara.crush-test.co.uk\/de\/\"},{\"@type\":\"ListItem\",\"position\":2,\"name\":\"Datenschutzrichtlinie\"}]},{\"@type\":\"WebSite\",\"@id\":\"https:\/\/lysara.crush-test.co.uk\/de\/#website\",\"url\":\"https:\/\/lysara.crush-test.co.uk\/de\/\",\"name\":\"Lysara\",\"description\":\"\",\"publisher\":{\"@id\":\"https:\/\/lysara.crush-test.co.uk\/de\/#organization\"},\"potentialAction\":[{\"@type\":\"SearchAction\",\"target\":{\"@type\":\"EntryPoint\",\"urlTemplate\":\"https:\/\/lysara.crush-test.co.uk\/de\/?s={search_term_string}\"},\"query-input\":\"required name=search_term_string\"}],\"inLanguage\":\"de\"},{\"@type\":\"Organization\",\"@id\":\"https:\/\/lysara.crush-test.co.uk\/de\/#organization\",\"name\":\"Lysara\",\"url\":\"https:\/\/lysara.crush-test.co.uk\/de\/\",\"logo\":{\"@type\":\"ImageObject\",\"inLanguage\":\"de\",\"@id\":\"https:\/\/lysara.crush-test.co.uk\/de\/#\/schema\/logo\/image\/\",\"url\":\"http:\/\/lysara.local\/wp-content\/uploads\/2024\/07\/Lysara-Logo.png\",\"contentUrl\":\"http:\/\/lysara.local\/wp-content\/uploads\/2024\/07\/Lysara-Logo.png\",\"width\":178,\"height\":33,\"caption\":\"Lysara\"},\"image\":{\"@id\":\"https:\/\/lysara.crush-test.co.uk\/de\/#\/schema\/logo\/image\/\"},\"sameAs\":[\"https:\/\/www.linkedin.com\/company\/infinium-logistics-solutions\"]}]}<\/script>\n<!-- \/ Yoast SEO plugin. -->","yoast_head_json":{"title":"Datenschutzrichtlinie | Lysara","robots":{"index":"noindex","follow":"follow","max-snippet":"max-snippet:-1","max-image-preview":"max-image-preview:large","max-video-preview":"max-video-preview:-1"},"og_locale":"de_DE","og_type":"article","og_title":"Datenschutzrichtlinie | Lysara","og_description":"Kommentare Vorgeschlagener Text:\u00a0Wenn Besucher Kommentare auf der Website hinterlassen, erfassen wir die im Kommentarformular angezeigten Daten sowie die IP-Adresse des Besuchers und den User-Agent-String des Browsers, um die Spam-Erkennung zu unterst\u00fctzen. Eine aus Ihrer E-Mail-Adresse erstellte anonymisierte Zeichenfolge (auch Hash genannt) kann dem Gravatar-Dienst zur Verf\u00fcgung gestellt werden, um festzustellen, ob Sie ihn verwenden. Die &hellip; Continue reading \"Datenschutzrichtlinie\"","og_url":"https:\/\/lysara.crush-test.co.uk\/de\/datenschutzrichtlinie\/","og_site_name":"Lysara","article_modified_time":"2024-07-19T10:24:26+00:00","twitter_card":"summary_large_image","twitter_misc":{"Gesch\u00e4tzte Lesezeit":"2\u00a0Minuten"},"schema":{"@context":"https:\/\/schema.org","@graph":[{"@type":"WebPage","@id":"https:\/\/lysara.crush-test.co.uk\/de\/datenschutzrichtlinie\/","url":"https:\/\/lysara.crush-test.co.uk\/de\/datenschutzrichtlinie\/","name":"Datenschutzrichtlinie | Lysara","isPartOf":{"@id":"https:\/\/lysara.crush-test.co.uk\/de\/#website"},"datePublished":"2024-06-17T14:10:05+00:00","dateModified":"2024-07-19T10:24:26+00:00","breadcrumb":{"@id":"https:\/\/lysara.crush-test.co.uk\/de\/datenschutzrichtlinie\/#breadcrumb"},"inLanguage":"de","potentialAction":[{"@type":"ReadAction","target":["https:\/\/lysara.crush-test.co.uk\/de\/datenschutzrichtlinie\/"]}]},{"@type":"BreadcrumbList","@id":"https:\/\/lysara.crush-test.co.uk\/de\/datenschutzrichtlinie\/#breadcrumb","itemListElement":[{"@type":"ListItem","position":1,"name":"Home","item":"https:\/\/lysara.crush-test.co.uk\/de\/"},{"@type":"ListItem","position":2,"name":"Datenschutzrichtlinie"}]},{"@type":"WebSite","@id":"https:\/\/lysara.crush-test.co.uk\/de\/#website","url":"https:\/\/lysara.crush-test.co.uk\/de\/","name":"Lysara","description":"","publisher":{"@id":"https:\/\/lysara.crush-test.co.uk\/de\/#organization"},"potentialAction":[{"@type":"SearchAction","target":{"@type":"EntryPoint","urlTemplate":"https:\/\/lysara.crush-test.co.uk\/de\/?s={search_term_string}"},"query-input":"required name=search_term_string"}],"inLanguage":"de"},{"@type":"Organization","@id":"https:\/\/lysara.crush-test.co.uk\/de\/#organization","name":"Lysara","url":"https:\/\/lysara.crush-test.co.uk\/de\/","logo":{"@type":"ImageObject","inLanguage":"de","@id":"https:\/\/lysara.crush-test.co.uk\/de\/#\/schema\/logo\/image\/","url":"http:\/\/lysara.local\/wp-content\/uploads\/2024\/07\/Lysara-Logo.png","contentUrl":"http:\/\/lysara.local\/wp-content\/uploads\/2024\/07\/Lysara-Logo.png","width":178,"height":33,"caption":"Lysara"},"image":{"@id":"https:\/\/lysara.crush-test.co.uk\/de\/#\/schema\/logo\/image\/"},"sameAs":["https:\/\/www.linkedin.com\/company\/infinium-logistics-solutions"]}]}},"_links":{"self":[{"href":"https:\/\/lysara.crush-test.co.uk\/de\/wp-json\/wp\/v2\/pages\/729","targetHints":{"allow":["GET"]}}],"collection":[{"href":"https:\/\/lysara.crush-test.co.uk\/de\/wp-json\/wp\/v2\/pages"}],"about":[{"href":"https:\/\/lysara.crush-test.co.uk\/de\/wp-json\/wp\/v2\/types\/page"}],"author":[{"embeddable":true,"href":"https:\/\/lysara.crush-test.co.uk\/de\/wp-json\/wp\/v2\/users\/1"}],"replies":[{"embeddable":true,"href":"https:\/\/lysara.crush-test.co.uk\/de\/wp-json\/wp\/v2\/comments?post=729"}],"version-history":[{"count":0,"href":"https:\/\/lysara.crush-test.co.uk\/de\/wp-json\/wp\/v2\/pages\/729\/revisions"}],"wp:attachment":[{"href":"https:\/\/lysara.crush-test.co.uk\/de\/wp-json\/wp\/v2\/media?parent=729"}],"curies":[{"name":"wp","href":"https:\/\/api.w.org\/{rel}","templated":true}]}}