{"id":691,"date":"2024-06-17T14:10:05","date_gmt":"2024-06-17T14:10:05","guid":{"rendered":"https:\/\/lysara.crush-test.co.uk\/terminos\/"},"modified":"2024-07-17T10:27:47","modified_gmt":"2024-07-17T10:27:47","slug":"terminos","status":"publish","type":"page","link":"https:\/\/lysara.crush-test.co.uk\/es\/terminos\/","title":{"rendered":"T\u00e9rminos"},"content":{"rendered":"\n<h2 class=\"wp-block-heading\">Comentarios<\/h2>\n\n<p>Texto sugerido: cuando los visitantes dejan comentarios en el sitio, recopilamos los datos que se muestran en el formulario de comentarios, y tambi\u00e9n la direcci\u00f3n IP del visitante y la cadena de agente de usuario del navegador para ayudar a la detecci\u00f3n de spam.<\/p>\n\n<p>Es posible que se proporcione al servicio Gravatar una cadena an\u00f3nima creada a partir de su direcci\u00f3n de correo electr\u00f3nico (tambi\u00e9n llamada hash) para ver si la est\u00e1 utilizando. La pol\u00edtica de privacidad del servicio Gravatar est\u00e1 disponible aqu\u00ed: https:\/\/automattic.com\/privacy\/. Despu\u00e9s de la aprobaci\u00f3n de su comentario, su foto de perfil ser\u00e1 visible para el p\u00fablico en el contexto de su comentario.<\/p>\n\n<h2 class=\"wp-block-heading\">Medios de comunicaci\u00f3n<\/h2>\n\n<p>Texto sugerido: Si subes im\u00e1genes al sitio web, debes evitar subir im\u00e1genes con datos de ubicaci\u00f3n incrustados (GPS EXIF) incluidos. Los visitantes del sitio web pueden descargar y extraer cualquier dato de ubicaci\u00f3n de las im\u00e1genes del sitio web.<\/p>\n\n<h2 class=\"wp-block-heading\">Galletas<\/h2>\n\n<p>Texto sugerido: si deja un comentario en nuestro sitio, puede optar por guardar su nombre, direcci\u00f3n de correo electr\u00f3nico y sitio web en cookies. Esto es para tu comodidad para que no tengas que volver a completar tus datos cuando dejes otro comentario. Estas cookies tendr\u00e1n una duraci\u00f3n de un a\u00f1o.<\/p>\n\n<p>Si visita nuestra p\u00e1gina de inicio de sesi\u00f3n, configuraremos una cookie temporal para determinar si su navegador acepta cookies. Esta cookie no contiene datos personales y se descarta al cerrar el navegador.<\/p>\n\n<p>Cuando inicie sesi\u00f3n, tambi\u00e9n configuraremos varias cookies para guardar su informaci\u00f3n de inicio de sesi\u00f3n y sus opciones de visualizaci\u00f3n de pantalla. Las cookies de inicio de sesi\u00f3n duran dos d\u00edas y las cookies de opciones de pantalla duran un a\u00f1o. Si selecciona \u00abRecordarme\u00bb, su inicio de sesi\u00f3n persistir\u00e1 durante dos semanas. Si cierra sesi\u00f3n en su cuenta, se eliminar\u00e1n las cookies de inicio de sesi\u00f3n.<\/p>\n\n<p>Si edita o publica un art\u00edculo, se guardar\u00e1 una cookie adicional en su navegador. Esta cookie no incluye datos personales y simplemente indica el ID de la publicaci\u00f3n del art\u00edculo que acaba de editar. Caduca despu\u00e9s de 1 d\u00eda.<\/p>\n\n<h2 class=\"wp-block-heading\">Contenido incrustado de otros sitios web<\/h2>\n\n<p>Texto sugerido: Los art\u00edculos de este sitio pueden incluir contenido incrustado (por ejemplo, v\u00eddeos, im\u00e1genes, art\u00edculos, etc.). El contenido incrustado de otros sitios web se comporta exactamente de la misma manera que si el visitante hubiera visitado el otro sitio web.<\/p>\n\n<p>Estos sitios web pueden recopilar datos sobre usted, utilizar cookies, incorporar seguimiento adicional de terceros y monitorear su interacci\u00f3n con ese contenido incrustado, incluido el seguimiento de su interacci\u00f3n con el contenido incrustado si tiene una cuenta y ha iniciado sesi\u00f3n en ese sitio web.<\/p>\n\n<h2 class=\"wp-block-heading\">Con qui\u00e9n compartimos tus datos<\/h2>\n\n<p>Texto sugerido: si solicita un restablecimiento de contrase\u00f1a, su direcci\u00f3n IP se incluir\u00e1 en el correo electr\u00f3nico de restablecimiento.<\/p>\n","protected":false},"excerpt":{"rendered":"<p>Comentarios Texto sugerido: cuando los visitantes dejan comentarios en el sitio, recopilamos los datos que se muestran en el formulario de comentarios, y tambi\u00e9n la direcci\u00f3n IP del visitante y la cadena de agente de usuario del navegador para ayudar a la detecci\u00f3n de spam. Es posible que se proporcione al servicio Gravatar una cadena &hellip; <a href=\"https:\/\/lysara.crush-test.co.uk\/es\/terminos\/\" class=\"more-link\">Continue reading<span class=\"screen-reader-text\"> \u00abT\u00e9rminos\u00bb<\/span><\/a><\/p>\n","protected":false},"author":1,"featured_media":0,"parent":0,"menu_order":0,"comment_status":"closed","ping_status":"closed","template":"privacy.php","meta":{"_acf_changed":false,"footnotes":""},"class_list":["post-691","page","type-page","status-publish","hentry"],"acf":[],"yoast_head":"<!-- This site is optimized with the Yoast SEO plugin v23.0 - https:\/\/yoast.com\/wordpress\/plugins\/seo\/ -->\n<title>T\u00e9rminos | Lysara<\/title>\n<meta name=\"robots\" content=\"noindex, follow, max-snippet:-1, max-image-preview:large, max-video-preview:-1\" \/>\n<meta property=\"og:locale\" content=\"es_ES\" \/>\n<meta property=\"og:type\" content=\"article\" \/>\n<meta property=\"og:title\" content=\"T\u00e9rminos | Lysara\" \/>\n<meta property=\"og:description\" content=\"Comentarios Texto sugerido: cuando los visitantes dejan comentarios en el sitio, recopilamos los datos que se muestran en el formulario de comentarios, y tambi\u00e9n la direcci\u00f3n IP del visitante y la cadena de agente de usuario del navegador para ayudar a la detecci\u00f3n de spam. Es posible que se proporcione al servicio Gravatar una cadena &hellip; Continue reading &quot;T\u00e9rminos&quot;\" \/>\n<meta property=\"og:url\" content=\"https:\/\/lysara.crush-test.co.uk\/es\/terminos\/\" \/>\n<meta property=\"og:site_name\" content=\"Lysara\" \/>\n<meta property=\"article:modified_time\" content=\"2024-07-17T10:27:47+00:00\" \/>\n<meta name=\"twitter:card\" content=\"summary_large_image\" \/>\n<meta name=\"twitter:label1\" content=\"Tiempo de lectura\" \/>\n\t<meta name=\"twitter:data1\" content=\"3 minutos\" \/>\n<script type=\"application\/ld+json\" class=\"yoast-schema-graph\">{\"@context\":\"https:\/\/schema.org\",\"@graph\":[{\"@type\":\"WebPage\",\"@id\":\"https:\/\/lysara.crush-test.co.uk\/es\/terminos\/\",\"url\":\"https:\/\/lysara.crush-test.co.uk\/es\/terminos\/\",\"name\":\"T\u00e9rminos | Lysara\",\"isPartOf\":{\"@id\":\"https:\/\/lysara.crush-test.co.uk\/es\/#website\"},\"datePublished\":\"2024-06-17T14:10:05+00:00\",\"dateModified\":\"2024-07-17T10:27:47+00:00\",\"breadcrumb\":{\"@id\":\"https:\/\/lysara.crush-test.co.uk\/es\/terminos\/#breadcrumb\"},\"inLanguage\":\"es\",\"potentialAction\":[{\"@type\":\"ReadAction\",\"target\":[\"https:\/\/lysara.crush-test.co.uk\/es\/terminos\/\"]}]},{\"@type\":\"BreadcrumbList\",\"@id\":\"https:\/\/lysara.crush-test.co.uk\/es\/terminos\/#breadcrumb\",\"itemListElement\":[{\"@type\":\"ListItem\",\"position\":1,\"name\":\"Home\",\"item\":\"https:\/\/lysara.crush-test.co.uk\/es\/\"},{\"@type\":\"ListItem\",\"position\":2,\"name\":\"T\u00e9rminos\"}]},{\"@type\":\"WebSite\",\"@id\":\"https:\/\/lysara.crush-test.co.uk\/es\/#website\",\"url\":\"https:\/\/lysara.crush-test.co.uk\/es\/\",\"name\":\"Lysara\",\"description\":\"\",\"publisher\":{\"@id\":\"https:\/\/lysara.crush-test.co.uk\/es\/#organization\"},\"potentialAction\":[{\"@type\":\"SearchAction\",\"target\":{\"@type\":\"EntryPoint\",\"urlTemplate\":\"https:\/\/lysara.crush-test.co.uk\/es\/?s={search_term_string}\"},\"query-input\":\"required name=search_term_string\"}],\"inLanguage\":\"es\"},{\"@type\":\"Organization\",\"@id\":\"https:\/\/lysara.crush-test.co.uk\/es\/#organization\",\"name\":\"Lysara\",\"url\":\"https:\/\/lysara.crush-test.co.uk\/es\/\",\"logo\":{\"@type\":\"ImageObject\",\"inLanguage\":\"es\",\"@id\":\"https:\/\/lysara.crush-test.co.uk\/es\/#\/schema\/logo\/image\/\",\"url\":\"http:\/\/lysara.local\/wp-content\/uploads\/2024\/07\/Lysara-Logo.png\",\"contentUrl\":\"http:\/\/lysara.local\/wp-content\/uploads\/2024\/07\/Lysara-Logo.png\",\"width\":178,\"height\":33,\"caption\":\"Lysara\"},\"image\":{\"@id\":\"https:\/\/lysara.crush-test.co.uk\/es\/#\/schema\/logo\/image\/\"},\"sameAs\":[\"https:\/\/www.linkedin.com\/company\/infinium-logistics-solutions\"]}]}<\/script>\n<!-- \/ Yoast SEO plugin. -->","yoast_head_json":{"title":"T\u00e9rminos | Lysara","robots":{"index":"noindex","follow":"follow","max-snippet":"max-snippet:-1","max-image-preview":"max-image-preview:large","max-video-preview":"max-video-preview:-1"},"og_locale":"es_ES","og_type":"article","og_title":"T\u00e9rminos | Lysara","og_description":"Comentarios Texto sugerido: cuando los visitantes dejan comentarios en el sitio, recopilamos los datos que se muestran en el formulario de comentarios, y tambi\u00e9n la direcci\u00f3n IP del visitante y la cadena de agente de usuario del navegador para ayudar a la detecci\u00f3n de spam. Es posible que se proporcione al servicio Gravatar una cadena &hellip; Continue reading \"T\u00e9rminos\"","og_url":"https:\/\/lysara.crush-test.co.uk\/es\/terminos\/","og_site_name":"Lysara","article_modified_time":"2024-07-17T10:27:47+00:00","twitter_card":"summary_large_image","twitter_misc":{"Tiempo de lectura":"3 minutos"},"schema":{"@context":"https:\/\/schema.org","@graph":[{"@type":"WebPage","@id":"https:\/\/lysara.crush-test.co.uk\/es\/terminos\/","url":"https:\/\/lysara.crush-test.co.uk\/es\/terminos\/","name":"T\u00e9rminos | Lysara","isPartOf":{"@id":"https:\/\/lysara.crush-test.co.uk\/es\/#website"},"datePublished":"2024-06-17T14:10:05+00:00","dateModified":"2024-07-17T10:27:47+00:00","breadcrumb":{"@id":"https:\/\/lysara.crush-test.co.uk\/es\/terminos\/#breadcrumb"},"inLanguage":"es","potentialAction":[{"@type":"ReadAction","target":["https:\/\/lysara.crush-test.co.uk\/es\/terminos\/"]}]},{"@type":"BreadcrumbList","@id":"https:\/\/lysara.crush-test.co.uk\/es\/terminos\/#breadcrumb","itemListElement":[{"@type":"ListItem","position":1,"name":"Home","item":"https:\/\/lysara.crush-test.co.uk\/es\/"},{"@type":"ListItem","position":2,"name":"T\u00e9rminos"}]},{"@type":"WebSite","@id":"https:\/\/lysara.crush-test.co.uk\/es\/#website","url":"https:\/\/lysara.crush-test.co.uk\/es\/","name":"Lysara","description":"","publisher":{"@id":"https:\/\/lysara.crush-test.co.uk\/es\/#organization"},"potentialAction":[{"@type":"SearchAction","target":{"@type":"EntryPoint","urlTemplate":"https:\/\/lysara.crush-test.co.uk\/es\/?s={search_term_string}"},"query-input":"required name=search_term_string"}],"inLanguage":"es"},{"@type":"Organization","@id":"https:\/\/lysara.crush-test.co.uk\/es\/#organization","name":"Lysara","url":"https:\/\/lysara.crush-test.co.uk\/es\/","logo":{"@type":"ImageObject","inLanguage":"es","@id":"https:\/\/lysara.crush-test.co.uk\/es\/#\/schema\/logo\/image\/","url":"http:\/\/lysara.local\/wp-content\/uploads\/2024\/07\/Lysara-Logo.png","contentUrl":"http:\/\/lysara.local\/wp-content\/uploads\/2024\/07\/Lysara-Logo.png","width":178,"height":33,"caption":"Lysara"},"image":{"@id":"https:\/\/lysara.crush-test.co.uk\/es\/#\/schema\/logo\/image\/"},"sameAs":["https:\/\/www.linkedin.com\/company\/infinium-logistics-solutions"]}]}},"_links":{"self":[{"href":"https:\/\/lysara.crush-test.co.uk\/es\/wp-json\/wp\/v2\/pages\/691","targetHints":{"allow":["GET"]}}],"collection":[{"href":"https:\/\/lysara.crush-test.co.uk\/es\/wp-json\/wp\/v2\/pages"}],"about":[{"href":"https:\/\/lysara.crush-test.co.uk\/es\/wp-json\/wp\/v2\/types\/page"}],"author":[{"embeddable":true,"href":"https:\/\/lysara.crush-test.co.uk\/es\/wp-json\/wp\/v2\/users\/1"}],"replies":[{"embeddable":true,"href":"https:\/\/lysara.crush-test.co.uk\/es\/wp-json\/wp\/v2\/comments?post=691"}],"version-history":[{"count":0,"href":"https:\/\/lysara.crush-test.co.uk\/es\/wp-json\/wp\/v2\/pages\/691\/revisions"}],"wp:attachment":[{"href":"https:\/\/lysara.crush-test.co.uk\/es\/wp-json\/wp\/v2\/media?parent=691"}],"curies":[{"name":"wp","href":"https:\/\/api.w.org\/{rel}","templated":true}]}}