{"id":601,"date":"2024-06-03T07:00:55","date_gmt":"2024-06-03T07:00:55","guid":{"rendered":"https:\/\/lysara.crush-test.co.uk\/politique-de-confidentialite\/"},"modified":"2024-09-11T06:42:12","modified_gmt":"2024-09-11T06:42:12","slug":"politique-de-confidentialite","status":"publish","type":"page","link":"https:\/\/lysara.crush-test.co.uk\/fr\/politique-de-confidentialite\/","title":{"rendered":"politique de confidentialit\u00e9"},"content":{"rendered":"\n<h2 class=\"wp-block-heading\">Qui nous sommes<\/h2>\n\n\n\n<p><strong class=\"privacy-policy-tutorial\">Texte sugg\u00e9r\u00e9 : <\/strong>\r\nL&rsquo;adresse de notre site Web est : https:\/\/lysara.crush-test.co.uk.<\/p>\n\n\n\n<h2 class=\"wp-block-heading\">Comments<\/h2>\n\n\n\n<p><strong class=\"privacy-policy-tutorial\">exte sugg\u00e9r\u00e9&nbsp; <\/strong> lorsque les visiteurs laissent des commentaires sur le site, nous collectons les donn\u00e9es affich\u00e9es dans le formulaire de commentaires, ainsi que l&rsquo;adresse IP du visiteur et la cha\u00eene de l&rsquo;agent utilisateur du navigateur pour faciliter la d\u00e9tection du spam.<\/p>\n\n\n\n<p>Une cha\u00eene anonymis\u00e9e cr\u00e9\u00e9e \u00e0 partir de votre adresse e-mail (\u00e9galement appel\u00e9e hachage) peut \u00eatre fournie au service Gravatar pour voir si vous l&rsquo;utilisez. La politique de confidentialit\u00e9 du service Gravatar est disponible ici : https:\/\/automattic.com\/privacy\/. Apr\u00e8s approbation de votre commentaire, votre photo de profil est visible publiquement dans le cadre de votre commentaire.<\/p>\n\n\n\n<h2 class=\"wp-block-heading\">Media<\/h2>\n\n\n\n<p><strong class=\"privacy-policy-tutorial\">Texte sugg\u00e9r\u00e9&nbsp;: <\/strong>Si vous t\u00e9l\u00e9chargez des images sur le site Web, vous devez \u00e9viter de t\u00e9l\u00e9charger des images contenant des donn\u00e9es de localisation int\u00e9gr\u00e9es (GPS EXIF). Les visiteurs du site Web peuvent t\u00e9l\u00e9charger et extraire toutes les donn\u00e9es de localisation des images du site Web.<\/p>\n\n\n\n<h2 class=\"wp-block-heading\">Cookies<\/h2>\n\n\n\n<p><strong>Texte sugg\u00e9r\u00e9<\/strong> : Si vous laissez un commentaire sur notre site, vous pouvez choisir d&rsquo;enregistrer votre nom, votre adresse e-mail et votre site Web dans des cookies. Ces informations sont destin\u00e9es \u00e0 votre commodit\u00e9 afin que vous n&rsquo;ayez pas \u00e0 remplir \u00e0 nouveau vos coordonn\u00e9es lorsque vous laissez un autre commentaire. Ces cookies dureront un an.<\/p>\n\n\n\n<p>Si vous visitez notre page de connexion, nous d\u00e9finirons un cookie temporaire pour d\u00e9terminer si votre navigateur accepte les cookies. Ce cookie ne contient aucune donn\u00e9e personnelle et est supprim\u00e9 lorsque vous fermez votre navigateur.<\/p>\n\n\n\n<p>Lors de votre connexion, nous mettrons \u00e9galement en place plusieurs cookies pour enregistrer vos informations de connexion et vos choix d&rsquo;affichage \u00e0 l&rsquo;\u00e9cran. Les cookies de connexion durent deux jours et les cookies d\u2019options d\u2019\u00e9cran durent un an. Si vous s\u00e9lectionnez \u00ab Se souvenir de moi \u00bb, votre connexion persistera pendant deux semaines. Si vous vous d\u00e9connectez de votre compte, les cookies de connexion seront supprim\u00e9s.<\/p>\n\n\n\n<p>Si vous modifiez ou publiez un article, un cookie suppl\u00e9mentaire sera enregistr\u00e9 dans votre navigateur. Ce cookie ne contient aucune donn\u00e9e personnelle et indique simplement l&rsquo;identifiant de la publication de l&rsquo;article que vous venez de modifier. Il expire apr\u00e8s 1 jour.<\/p>\n\n\n\n<h2 class=\"wp-block-heading\">Contenu int\u00e9gr\u00e9 provenant d&rsquo;autres sites Web<\/h2>\n\n\n\n<p><strong>Texte sugg\u00e9r\u00e9<\/strong> : Les articles de ce site peuvent inclure du contenu int\u00e9gr\u00e9 (par exemple des vid\u00e9os, des images, des articles, etc.). Le contenu int\u00e9gr\u00e9 d\u2019autres sites Web se comporte exactement de la m\u00eame mani\u00e8re que si le visiteur avait visit\u00e9 l\u2019autre site Web.<\/p>\n\n\n\n<p>Ces sites Web peuvent collecter des donn\u00e9es sur vous, utiliser des cookies, int\u00e9grer un suivi tiers suppl\u00e9mentaire et surveiller votre interaction avec ce contenu int\u00e9gr\u00e9, y compris le suivi de votre interaction avec le contenu int\u00e9gr\u00e9 si vous disposez d&rsquo;un compte et \u00eates connect\u00e9 \u00e0 ce site Web.<\/p>\n\n\n\n<h2 class=\"wp-block-heading\">Avec qui partageons-nous vos donn\u00e9es<\/h2>\n\n\n\n<p><strong>Texte sugg\u00e9r\u00e9<\/strong>&nbsp;: Si vous demandez une r\u00e9initialisation de mot de passe, votre adresse IP sera incluse dans l&rsquo;e-mail de r\u00e9initialisation.<\/p>\n\n\n\n<h2 class=\"wp-block-heading\">Combien de temps conservons-nous vos donn\u00e9es<\/h2>\n\n\n\n<p><strong class=\"privacy-policy-tutorial\">Texte sugg\u00e9r\u00e9: <\/strong>Si vous laissez un commentaire, le commentaire et ses m\u00e9tadonn\u00e9es sont conserv\u00e9s ind\u00e9finiment. Cela nous permet de reconna\u00eetre et d&rsquo;approuver automatiquement tous les commentaires suivants au lieu de les conserver dans une file d&rsquo;attente de mod\u00e9ration.<\/p>\n\n\n\n<p>Pour les utilisateurs qui s&rsquo;inscrivent sur notre site Web (le cas \u00e9ch\u00e9ant), nous stockons \u00e9galement les informations personnelles qu&rsquo;ils fournissent dans leur profil d&rsquo;utilisateur. Tous les utilisateurs peuvent voir, modifier ou supprimer leurs informations personnelles \u00e0 tout moment (sauf qu&rsquo;ils ne peuvent pas modifier leur nom d&rsquo;utilisateur). Les administrateurs de sites Web peuvent \u00e9galement voir et modifier ces informations.<\/p>\n\n\n\n<h2 class=\"wp-block-heading\">Quels sont vos droits sur vos donn\u00e9es<\/h2>\n\n\n\n<p><strong>Texte sugg\u00e9r\u00e9<\/strong> : Si vous laissez un commentaire, le commentaire et ses m\u00e9tadonn\u00e9es sont conserv\u00e9s ind\u00e9finiment. Cela nous permet de reconna\u00eetre et d&rsquo;approuver automatiquement tous les commentaires suivants au lieu de les conserver dans une file d&rsquo;attente de mod\u00e9ration.<\/p>\n\n\n\n<h2 class=\"wp-block-heading\">O\u00f9 vos donn\u00e9es sont envoy\u00e9es<\/h2>\n\n\n\n<p><strong>Texte sugg\u00e9r\u00e9<\/strong>&nbsp;: les commentaires des visiteurs peuvent \u00eatre v\u00e9rifi\u00e9s via un service automatis\u00e9 de d\u00e9tection de spam.<\/p>\n","protected":false},"excerpt":{"rendered":"<p>Qui nous sommes Texte sugg\u00e9r\u00e9 : L&rsquo;adresse de notre site Web est : https:\/\/lysara.crush-test.co.uk. Comments exte sugg\u00e9r\u00e9&nbsp; lorsque les visiteurs laissent des commentaires sur le site, nous collectons les donn\u00e9es affich\u00e9es dans le formulaire de commentaires, ainsi que l&rsquo;adresse IP du visiteur et la cha\u00eene de l&rsquo;agent utilisateur du navigateur pour faciliter la d\u00e9tection du &hellip; <a href=\"https:\/\/lysara.crush-test.co.uk\/fr\/politique-de-confidentialite\/\" class=\"more-link\">Continue reading<span class=\"screen-reader-text\"> \u00ab\u00a0politique de confidentialit\u00e9\u00a0\u00bb<\/span><\/a><\/p>\n","protected":false},"author":1,"featured_media":0,"parent":0,"menu_order":0,"comment_status":"closed","ping_status":"open","template":"privacy.php","meta":{"_acf_changed":false,"footnotes":""},"class_list":["post-601","page","type-page","status-publish","hentry"],"acf":[],"yoast_head":"<!-- This site is optimized with the Yoast SEO plugin v23.0 - https:\/\/yoast.com\/wordpress\/plugins\/seo\/ -->\n<title>politique de confidentialit\u00e9 | Lysara<\/title>\n<meta name=\"robots\" content=\"noindex, follow, max-snippet:-1, max-image-preview:large, max-video-preview:-1\" \/>\n<meta property=\"og:locale\" content=\"fr_FR\" \/>\n<meta property=\"og:type\" content=\"article\" \/>\n<meta property=\"og:title\" content=\"politique de confidentialit\u00e9 | Lysara\" \/>\n<meta property=\"og:description\" content=\"Qui nous sommes Texte sugg\u00e9r\u00e9 : L&rsquo;adresse de notre site Web est : https:\/\/lysara.crush-test.co.uk. Comments exte sugg\u00e9r\u00e9&nbsp; lorsque les visiteurs laissent des commentaires sur le site, nous collectons les donn\u00e9es affich\u00e9es dans le formulaire de commentaires, ainsi que l&rsquo;adresse IP du visiteur et la cha\u00eene de l&rsquo;agent utilisateur du navigateur pour faciliter la d\u00e9tection du &hellip; Continue reading &quot;politique de confidentialit\u00e9&quot;\" \/>\n<meta property=\"og:url\" content=\"https:\/\/lysara.crush-test.co.uk\/fr\/politique-de-confidentialite\/\" \/>\n<meta property=\"og:site_name\" content=\"Lysara\" \/>\n<meta property=\"article:modified_time\" content=\"2024-09-11T06:42:12+00:00\" \/>\n<meta name=\"twitter:card\" content=\"summary_large_image\" \/>\n<meta name=\"twitter:label1\" content=\"Dur\u00e9e de lecture estim\u00e9e\" \/>\n\t<meta name=\"twitter:data1\" content=\"3 minutes\" \/>\n<script type=\"application\/ld+json\" class=\"yoast-schema-graph\">{\"@context\":\"https:\/\/schema.org\",\"@graph\":[{\"@type\":\"WebPage\",\"@id\":\"https:\/\/lysara.crush-test.co.uk\/fr\/politique-de-confidentialite\/\",\"url\":\"https:\/\/lysara.crush-test.co.uk\/fr\/politique-de-confidentialite\/\",\"name\":\"politique de confidentialit\u00e9 | Lysara\",\"isPartOf\":{\"@id\":\"https:\/\/lysara.crush-test.co.uk\/fr\/#website\"},\"datePublished\":\"2024-06-03T07:00:55+00:00\",\"dateModified\":\"2024-09-11T06:42:12+00:00\",\"breadcrumb\":{\"@id\":\"https:\/\/lysara.crush-test.co.uk\/fr\/politique-de-confidentialite\/#breadcrumb\"},\"inLanguage\":\"fr-FR\",\"potentialAction\":[{\"@type\":\"ReadAction\",\"target\":[\"https:\/\/lysara.crush-test.co.uk\/fr\/politique-de-confidentialite\/\"]}]},{\"@type\":\"BreadcrumbList\",\"@id\":\"https:\/\/lysara.crush-test.co.uk\/fr\/politique-de-confidentialite\/#breadcrumb\",\"itemListElement\":[{\"@type\":\"ListItem\",\"position\":1,\"name\":\"Home\",\"item\":\"https:\/\/lysara.crush-test.co.uk\/fr\/\"},{\"@type\":\"ListItem\",\"position\":2,\"name\":\"politique de confidentialit\u00e9\"}]},{\"@type\":\"WebSite\",\"@id\":\"https:\/\/lysara.crush-test.co.uk\/fr\/#website\",\"url\":\"https:\/\/lysara.crush-test.co.uk\/fr\/\",\"name\":\"Lysara\",\"description\":\"\",\"publisher\":{\"@id\":\"https:\/\/lysara.crush-test.co.uk\/fr\/#organization\"},\"potentialAction\":[{\"@type\":\"SearchAction\",\"target\":{\"@type\":\"EntryPoint\",\"urlTemplate\":\"https:\/\/lysara.crush-test.co.uk\/fr\/?s={search_term_string}\"},\"query-input\":\"required name=search_term_string\"}],\"inLanguage\":\"fr-FR\"},{\"@type\":\"Organization\",\"@id\":\"https:\/\/lysara.crush-test.co.uk\/fr\/#organization\",\"name\":\"Lysara\",\"url\":\"https:\/\/lysara.crush-test.co.uk\/fr\/\",\"logo\":{\"@type\":\"ImageObject\",\"inLanguage\":\"fr-FR\",\"@id\":\"https:\/\/lysara.crush-test.co.uk\/fr\/#\/schema\/logo\/image\/\",\"url\":\"http:\/\/lysara.local\/wp-content\/uploads\/2024\/07\/Lysara-Logo.png\",\"contentUrl\":\"http:\/\/lysara.local\/wp-content\/uploads\/2024\/07\/Lysara-Logo.png\",\"width\":178,\"height\":33,\"caption\":\"Lysara\"},\"image\":{\"@id\":\"https:\/\/lysara.crush-test.co.uk\/fr\/#\/schema\/logo\/image\/\"},\"sameAs\":[\"https:\/\/www.linkedin.com\/company\/infinium-logistics-solutions\"]}]}<\/script>\n<!-- \/ Yoast SEO plugin. -->","yoast_head_json":{"title":"politique de confidentialit\u00e9 | Lysara","robots":{"index":"noindex","follow":"follow","max-snippet":"max-snippet:-1","max-image-preview":"max-image-preview:large","max-video-preview":"max-video-preview:-1"},"og_locale":"fr_FR","og_type":"article","og_title":"politique de confidentialit\u00e9 | Lysara","og_description":"Qui nous sommes Texte sugg\u00e9r\u00e9 : L&rsquo;adresse de notre site Web est : https:\/\/lysara.crush-test.co.uk. Comments exte sugg\u00e9r\u00e9&nbsp; lorsque les visiteurs laissent des commentaires sur le site, nous collectons les donn\u00e9es affich\u00e9es dans le formulaire de commentaires, ainsi que l&rsquo;adresse IP du visiteur et la cha\u00eene de l&rsquo;agent utilisateur du navigateur pour faciliter la d\u00e9tection du &hellip; Continue reading \"politique de confidentialit\u00e9\"","og_url":"https:\/\/lysara.crush-test.co.uk\/fr\/politique-de-confidentialite\/","og_site_name":"Lysara","article_modified_time":"2024-09-11T06:42:12+00:00","twitter_card":"summary_large_image","twitter_misc":{"Dur\u00e9e de lecture estim\u00e9e":"3 minutes"},"schema":{"@context":"https:\/\/schema.org","@graph":[{"@type":"WebPage","@id":"https:\/\/lysara.crush-test.co.uk\/fr\/politique-de-confidentialite\/","url":"https:\/\/lysara.crush-test.co.uk\/fr\/politique-de-confidentialite\/","name":"politique de confidentialit\u00e9 | Lysara","isPartOf":{"@id":"https:\/\/lysara.crush-test.co.uk\/fr\/#website"},"datePublished":"2024-06-03T07:00:55+00:00","dateModified":"2024-09-11T06:42:12+00:00","breadcrumb":{"@id":"https:\/\/lysara.crush-test.co.uk\/fr\/politique-de-confidentialite\/#breadcrumb"},"inLanguage":"fr-FR","potentialAction":[{"@type":"ReadAction","target":["https:\/\/lysara.crush-test.co.uk\/fr\/politique-de-confidentialite\/"]}]},{"@type":"BreadcrumbList","@id":"https:\/\/lysara.crush-test.co.uk\/fr\/politique-de-confidentialite\/#breadcrumb","itemListElement":[{"@type":"ListItem","position":1,"name":"Home","item":"https:\/\/lysara.crush-test.co.uk\/fr\/"},{"@type":"ListItem","position":2,"name":"politique de confidentialit\u00e9"}]},{"@type":"WebSite","@id":"https:\/\/lysara.crush-test.co.uk\/fr\/#website","url":"https:\/\/lysara.crush-test.co.uk\/fr\/","name":"Lysara","description":"","publisher":{"@id":"https:\/\/lysara.crush-test.co.uk\/fr\/#organization"},"potentialAction":[{"@type":"SearchAction","target":{"@type":"EntryPoint","urlTemplate":"https:\/\/lysara.crush-test.co.uk\/fr\/?s={search_term_string}"},"query-input":"required name=search_term_string"}],"inLanguage":"fr-FR"},{"@type":"Organization","@id":"https:\/\/lysara.crush-test.co.uk\/fr\/#organization","name":"Lysara","url":"https:\/\/lysara.crush-test.co.uk\/fr\/","logo":{"@type":"ImageObject","inLanguage":"fr-FR","@id":"https:\/\/lysara.crush-test.co.uk\/fr\/#\/schema\/logo\/image\/","url":"http:\/\/lysara.local\/wp-content\/uploads\/2024\/07\/Lysara-Logo.png","contentUrl":"http:\/\/lysara.local\/wp-content\/uploads\/2024\/07\/Lysara-Logo.png","width":178,"height":33,"caption":"Lysara"},"image":{"@id":"https:\/\/lysara.crush-test.co.uk\/fr\/#\/schema\/logo\/image\/"},"sameAs":["https:\/\/www.linkedin.com\/company\/infinium-logistics-solutions"]}]}},"_links":{"self":[{"href":"https:\/\/lysara.crush-test.co.uk\/fr\/wp-json\/wp\/v2\/pages\/601","targetHints":{"allow":["GET"]}}],"collection":[{"href":"https:\/\/lysara.crush-test.co.uk\/fr\/wp-json\/wp\/v2\/pages"}],"about":[{"href":"https:\/\/lysara.crush-test.co.uk\/fr\/wp-json\/wp\/v2\/types\/page"}],"author":[{"embeddable":true,"href":"https:\/\/lysara.crush-test.co.uk\/fr\/wp-json\/wp\/v2\/users\/1"}],"replies":[{"embeddable":true,"href":"https:\/\/lysara.crush-test.co.uk\/fr\/wp-json\/wp\/v2\/comments?post=601"}],"version-history":[{"count":0,"href":"https:\/\/lysara.crush-test.co.uk\/fr\/wp-json\/wp\/v2\/pages\/601\/revisions"}],"wp:attachment":[{"href":"https:\/\/lysara.crush-test.co.uk\/fr\/wp-json\/wp\/v2\/media?parent=601"}],"curies":[{"name":"wp","href":"https:\/\/api.w.org\/{rel}","templated":true}]}}